{"id":802,"date":"2021-11-10T13:38:39","date_gmt":"2021-11-10T12:38:39","guid":{"rendered":"https:\/\/magicformclamart.fr\/?page_id=802"},"modified":"2025-11-06T19:39:17","modified_gmt":"2025-11-06T18:39:17","slug":"coaching","status":"publish","type":"page","link":"https:\/\/magicformclamart.fr\/index.php\/coaching\/","title":{"rendered":"COACHING"},"content":{"rendered":"\t\t<div data-elementor-type=\"wp-page\" data-elementor-id=\"802\" class=\"elementor elementor-802\" data-elementor-settings=\"[]\">\n\t\t\t\t\t\t\t<div class=\"elementor-section-wrap\">\n\t\t\t\t\t\t\t<section class=\"elementor-section elementor-top-section elementor-element elementor-element-f3678c6 elementor-section-boxed elementor-section-height-default elementor-section-height-default\" data-id=\"f3678c6\" data-element_type=\"section\">\n\t\t\t\t\t\t<div class=\"elementor-container elementor-column-gap-default\">\n\t\t\t\t\t<div class=\"elementor-column elementor-col-100 elementor-top-column elementor-element elementor-element-240bc93\" data-id=\"240bc93\" data-element_type=\"column\">\n\t\t\t<div class=\"elementor-widget-wrap elementor-element-populated\">\n\t\t\t\t\t\t\t\t<div class=\"elementor-element elementor-element-5358370 elementor-widget elementor-widget-heading\" data-id=\"5358370\" data-element_type=\"widget\" data-widget_type=\"heading.default\">\n\t\t\t\t<div class=\"elementor-widget-container\">\n\t\t\t<h2 class=\"elementor-heading-title elementor-size-xxl\"><p style=\"font-weight: 400; letter-spacing: normal; text-align: start; white-space: normal;\"><span><\/span><\/p><span style=\"letter-spacing: normal; text-align: start; white-space: normal;\"><b>Un coaching sur mesure pour des r\u00e9sultats durables<\/b><\/span><p style=\"font-weight: 400; letter-spacing: normal; text-align: start; white-space: normal;\"><\/p><p style=\"font-weight: 400; letter-spacing: normal; text-align: start; white-space: normal;\"><br><\/p><p style=\"font-weight: 400; letter-spacing: normal; text-align: start; white-space: normal;\">Chez&nbsp;<span><b>MagicForm Clamart<\/b><\/span>, nous savons qu\u2019un bon accompagnement fait toute la diff\u00e9rence.<\/p><p style=\"font-weight: 400; letter-spacing: normal; text-align: start; white-space: normal;\">Notre coach&nbsp;<span><b>Julien<\/b><\/span>&nbsp;est \u00e0 votre \u00e9coute&nbsp;<span><b>les mercredis et jeudis de 18h30 \u00e0 21h30<\/b><\/span>, et&nbsp;<span><b>les vendredis de 17h00 \u00e0 20h00<\/b><\/span>, pour vous aider \u00e0 progresser efficacement, \u00e0 votre rythme.<\/p><p style=\"font-weight: 400; letter-spacing: normal; text-align: start; white-space: normal;\"><br><\/p><p style=\"font-weight: 400; letter-spacing: normal; text-align: start; white-space: normal;\">Que vous soyez d\u00e9butant ou sportif confirm\u00e9, il vous guide&nbsp;<span><b>sur le terrain comme en rendez-vous individuel<\/b><\/span>, afin de d\u00e9finir vos objectifs, corriger vos gestes et construire un programme adapt\u00e9 \u00e0 votre forme, vos contraintes et vos envies.<\/p><p style=\"font-weight: 400; letter-spacing: normal; text-align: start; white-space: normal;\"><br><\/p><p style=\"font-weight: 400; letter-spacing: normal; text-align: start; white-space: normal;\">Objectif :&nbsp;<span><b>obtenir des r\u00e9sultats concrets<\/b><\/span>&nbsp;tout en pr\u00e9servant la motivation et le plaisir de s\u2019entra\u00eener.<\/p><p style=\"font-weight: 400; letter-spacing: normal; text-align: start; white-space: normal;\">Avec un suivi personnalis\u00e9, chaque s\u00e9ance devient plus utile, plus s\u00fbre et plus gratifiante.<\/p><p style=\"font-weight: 400; letter-spacing: normal; text-align: start; white-space: normal;\"><br><\/p><p style=\"font-weight: 400; letter-spacing: normal; text-align: start; white-space: normal;\"><span><b>Prenez rendez-vous avec Julien<\/b><\/span>&nbsp;et d\u00e9couvrez comment un coaching attentif transforme votre pratique\u2026 et votre \u00e9nergie !<span style=\"font-weight: 600; letter-spacing: -0.02em; white-space: pre-wrap; text-align: center;\"><\/span><\/p><\/h2>\t\t<\/div>\n\t\t\t\t<\/div>\n\t\t\t\t\t<\/div>\n\t\t<\/div>\n\t\t\t\t\t\t\t<\/div>\n\t\t<\/section>\n\t\t\t\t<section class=\"elementor-section elementor-top-section elementor-element elementor-element-29c0a81 elementor-section-boxed elementor-section-height-default elementor-section-height-default\" data-id=\"29c0a81\" data-element_type=\"section\">\n\t\t\t\t\t\t<div class=\"elementor-container elementor-column-gap-default\">\n\t\t\t\t\t<div class=\"elementor-column elementor-col-50 elementor-top-column elementor-element elementor-element-26dc86f\" data-id=\"26dc86f\" data-element_type=\"column\">\n\t\t\t<div class=\"elementor-widget-wrap elementor-element-populated\">\n\t\t\t\t\t\t\t\t<div class=\"elementor-element elementor-element-abf75cd elementor-widget elementor-widget-image\" data-id=\"abf75cd\" data-element_type=\"widget\" data-widget_type=\"image.default\">\n\t\t\t\t<div class=\"elementor-widget-container\">\n\t\t\t\t\t\t\t\t\t\t\t\t\t\t\t<img width=\"1024\" height=\"1024\" src=\"https:\/\/magicformclamart.fr\/wp-content\/uploads\/2025\/11\/Coach-Julien-2-1024x1024.jpeg\" class=\"attachment-large size-large\" alt=\"\" loading=\"lazy\" srcset=\"https:\/\/magicformclamart.fr\/wp-content\/uploads\/2025\/11\/Coach-Julien-2-1024x1024.jpeg 1024w, https:\/\/magicformclamart.fr\/wp-content\/uploads\/2025\/11\/Coach-Julien-2-300x300.jpeg 300w, https:\/\/magicformclamart.fr\/wp-content\/uploads\/2025\/11\/Coach-Julien-2-150x150.jpeg 150w, https:\/\/magicformclamart.fr\/wp-content\/uploads\/2025\/11\/Coach-Julien-2-768x768.jpeg 768w, https:\/\/magicformclamart.fr\/wp-content\/uploads\/2025\/11\/Coach-Julien-2.jpeg 1080w\" sizes=\"(max-width: 1024px) 100vw, 1024px\" \/>\t\t\t\t\t\t\t\t\t\t\t\t\t\t\t<\/div>\n\t\t\t\t<\/div>\n\t\t\t\t\t<\/div>\n\t\t<\/div>\n\t\t\t\t<div class=\"elementor-column elementor-col-50 elementor-top-column elementor-element elementor-element-53b9aa2\" data-id=\"53b9aa2\" data-element_type=\"column\">\n\t\t\t<div class=\"elementor-widget-wrap elementor-element-populated\">\n\t\t\t\t\t\t\t\t<div class=\"elementor-element elementor-element-607d26b elementor-widget elementor-widget-image\" data-id=\"607d26b\" data-element_type=\"widget\" data-widget_type=\"image.default\">\n\t\t\t\t<div class=\"elementor-widget-container\">\n\t\t\t\t\t\t\t\t\t\t\t\t\t\t\t<img width=\"1024\" height=\"1024\" src=\"https:\/\/magicformclamart.fr\/wp-content\/uploads\/2025\/11\/Coach-Julien-1-1024x1024.jpeg\" class=\"attachment-large size-large\" alt=\"\" loading=\"lazy\" srcset=\"https:\/\/magicformclamart.fr\/wp-content\/uploads\/2025\/11\/Coach-Julien-1-1024x1024.jpeg 1024w, https:\/\/magicformclamart.fr\/wp-content\/uploads\/2025\/11\/Coach-Julien-1-300x300.jpeg 300w, https:\/\/magicformclamart.fr\/wp-content\/uploads\/2025\/11\/Coach-Julien-1-150x150.jpeg 150w, https:\/\/magicformclamart.fr\/wp-content\/uploads\/2025\/11\/Coach-Julien-1-768x768.jpeg 768w, https:\/\/magicformclamart.fr\/wp-content\/uploads\/2025\/11\/Coach-Julien-1.jpeg 1080w\" sizes=\"(max-width: 1024px) 100vw, 1024px\" \/>\t\t\t\t\t\t\t\t\t\t\t\t\t\t\t<\/div>\n\t\t\t\t<\/div>\n\t\t\t\t\t<\/div>\n\t\t<\/div>\n\t\t\t\t\t\t\t<\/div>\n\t\t<\/section>\n\t\t\t\t\t\t<\/div>\n\t\t\t\t\t<\/div>\n\t\t","protected":false},"excerpt":{"rendered":"<p>Un coaching sur mesure pour des r\u00e9sultats durables Chez&nbsp;MagicForm Clamart, nous savons qu\u2019un bon accompagnement fait toute la diff\u00e9rence. Notre coach&nbsp;Julien&nbsp;est \u00e0 votre \u00e9coute&nbsp;les mercredis et jeudis de 18h30 \u00e0 21h30, et&nbsp;les vendredis de 17h00 \u00e0 20h00, pour vous aider \u00e0 progresser efficacement, \u00e0 votre rythme. Que vous soyez d\u00e9butant ou sportif confirm\u00e9, il vous [&hellip;]<\/p>\n","protected":false},"author":2,"featured_media":0,"parent":0,"menu_order":0,"comment_status":"closed","ping_status":"closed","template":"","meta":[],"_links":{"self":[{"href":"https:\/\/magicformclamart.fr\/index.php\/wp-json\/wp\/v2\/pages\/802"}],"collection":[{"href":"https:\/\/magicformclamart.fr\/index.php\/wp-json\/wp\/v2\/pages"}],"about":[{"href":"https:\/\/magicformclamart.fr\/index.php\/wp-json\/wp\/v2\/types\/page"}],"author":[{"embeddable":true,"href":"https:\/\/magicformclamart.fr\/index.php\/wp-json\/wp\/v2\/users\/2"}],"replies":[{"embeddable":true,"href":"https:\/\/magicformclamart.fr\/index.php\/wp-json\/wp\/v2\/comments?post=802"}],"version-history":[{"count":25,"href":"https:\/\/magicformclamart.fr\/index.php\/wp-json\/wp\/v2\/pages\/802\/revisions"}],"predecessor-version":[{"id":1829,"href":"https:\/\/magicformclamart.fr\/index.php\/wp-json\/wp\/v2\/pages\/802\/revisions\/1829"}],"wp:attachment":[{"href":"https:\/\/magicformclamart.fr\/index.php\/wp-json\/wp\/v2\/media?parent=802"}],"curies":[{"name":"wp","href":"https:\/\/api.w.org\/{rel}","templated":true}]}}