{"id":680,"date":"2021-11-09T12:33:23","date_gmt":"2021-11-09T11:33:23","guid":{"rendered":"http:\/\/magicformclamart.fr\/?page_id=680"},"modified":"2026-04-09T10:05:51","modified_gmt":"2026-04-09T09:05:51","slug":"planning-2-2","status":"publish","type":"page","link":"https:\/\/magicformclamart.fr\/index.php\/planning-2-2\/","title":{"rendered":"PLANNING"},"content":{"rendered":"\t\t<div data-elementor-type=\"wp-page\" data-elementor-id=\"680\" class=\"elementor elementor-680\" data-elementor-settings=\"[]\">\n\t\t\t\t\t\t\t<div class=\"elementor-section-wrap\">\n\t\t\t\t\t\t\t<section class=\"elementor-section elementor-top-section elementor-element elementor-element-b83091f elementor-section-boxed elementor-section-height-default elementor-section-height-default\" data-id=\"b83091f\" data-element_type=\"section\">\n\t\t\t\t\t\t<div class=\"elementor-container elementor-column-gap-default\">\n\t\t\t\t\t<div class=\"elementor-column elementor-col-100 elementor-top-column elementor-element elementor-element-6be3850\" data-id=\"6be3850\" data-element_type=\"column\">\n\t\t\t<div class=\"elementor-widget-wrap\">\n\t\t\t\t\t\t\t\t\t<\/div>\n\t\t<\/div>\n\t\t\t\t\t\t\t<\/div>\n\t\t<\/section>\n\t\t\t\t<section class=\"elementor-section elementor-top-section elementor-element elementor-element-2dc9861 elementor-section-boxed elementor-section-height-default elementor-section-height-default\" data-id=\"2dc9861\" data-element_type=\"section\">\n\t\t\t\t\t\t<div class=\"elementor-container elementor-column-gap-default\">\n\t\t\t\t\t<div class=\"elementor-column elementor-col-100 elementor-top-column elementor-element elementor-element-c092582\" data-id=\"c092582\" data-element_type=\"column\">\n\t\t\t<div class=\"elementor-widget-wrap elementor-element-populated\">\n\t\t\t\t\t\t\t\t<div class=\"elementor-element elementor-element-f21471a elementor-widget elementor-widget-image\" data-id=\"f21471a\" data-element_type=\"widget\" data-widget_type=\"image.default\">\n\t\t\t\t<div class=\"elementor-widget-container\">\n\t\t\t\t\t\t\t\t\t\t\t\t\t\t\t<img width=\"2000\" height=\"1414\" src=\"https:\/\/magicformclamart.fr\/wp-content\/uploads\/2026\/04\/Impression_Planning-1.jpg\" class=\"attachment-full size-full\" alt=\"\" loading=\"lazy\" srcset=\"https:\/\/magicformclamart.fr\/wp-content\/uploads\/2026\/04\/Impression_Planning-1.jpg 2000w, https:\/\/magicformclamart.fr\/wp-content\/uploads\/2026\/04\/Impression_Planning-1-300x212.jpg 300w, https:\/\/magicformclamart.fr\/wp-content\/uploads\/2026\/04\/Impression_Planning-1-1024x724.jpg 1024w, https:\/\/magicformclamart.fr\/wp-content\/uploads\/2026\/04\/Impression_Planning-1-768x543.jpg 768w, https:\/\/magicformclamart.fr\/wp-content\/uploads\/2026\/04\/Impression_Planning-1-1536x1086.jpg 1536w\" sizes=\"(max-width: 2000px) 100vw, 2000px\" \/>\t\t\t\t\t\t\t\t\t\t\t\t\t\t\t<\/div>\n\t\t\t\t<\/div>\n\t\t\t\t<div class=\"elementor-element elementor-element-ed8f440 elementor-widget elementor-widget-text-editor\" data-id=\"ed8f440\" data-element_type=\"widget\" data-widget_type=\"text-editor.default\">\n\t\t\t\t<div class=\"elementor-widget-container\">\n\t\t\t\t\t\t\t<p>Le planning est \u00e9volutif et les cours augmenteront progressivement. N&rsquo;h\u00e9sitez pas \u00e0 nous partager vos remarques, id\u00e9es et envies!<\/p><p>\u00a0<\/p><p><strong>\u00ab\u00a0Le sport ne fait pas vivre plus vieux, mais fait vivre plus jeune\u00a0\u00bb<\/strong><\/p>\t\t\t\t\t\t<\/div>\n\t\t\t\t<\/div>\n\t\t\t\t<div class=\"elementor-element elementor-element-fe9853c elementor-widget elementor-widget-spacer\" data-id=\"fe9853c\" data-element_type=\"widget\" data-widget_type=\"spacer.default\">\n\t\t\t\t<div class=\"elementor-widget-container\">\n\t\t\t\t\t<div class=\"elementor-spacer\">\n\t\t\t<div class=\"elementor-spacer-inner\"><\/div>\n\t\t<\/div>\n\t\t\t\t<\/div>\n\t\t\t\t<\/div>\n\t\t\t\t\t<\/div>\n\t\t<\/div>\n\t\t\t\t\t\t\t<\/div>\n\t\t<\/section>\n\t\t\t\t<section class=\"elementor-section elementor-top-section elementor-element elementor-element-b3ea324 elementor-section-boxed elementor-section-height-default elementor-section-height-default\" data-id=\"b3ea324\" data-element_type=\"section\">\n\t\t\t\t\t\t<div class=\"elementor-container elementor-column-gap-default\">\n\t\t\t\t\t<div class=\"elementor-column elementor-col-50 elementor-top-column elementor-element elementor-element-b0b5aa9\" data-id=\"b0b5aa9\" data-element_type=\"column\">\n\t\t\t<div class=\"elementor-widget-wrap elementor-element-populated\">\n\t\t\t\t\t\t\t\t<div class=\"elementor-element elementor-element-c98d763 elementor-widget elementor-widget-heading\" data-id=\"c98d763\" data-element_type=\"widget\" data-widget_type=\"heading.default\">\n\t\t\t\t<div class=\"elementor-widget-container\">\n\t\t\t<h2 class=\"elementor-heading-title elementor-size-default\">   R\u00e9servation des cours collectifs\n<\/h2>\t\t<\/div>\n\t\t\t\t<\/div>\n\t\t\t\t<div class=\"elementor-element elementor-element-658851e elementor-widget elementor-widget-image\" data-id=\"658851e\" data-element_type=\"widget\" data-widget_type=\"image.default\">\n\t\t\t\t<div class=\"elementor-widget-container\">\n\t\t\t\t\t\t\t\t\t\t\t\t\t\t\t<img width=\"728\" height=\"1024\" src=\"https:\/\/magicformclamart.fr\/wp-content\/uploads\/2025\/10\/Application-Magic-Form-728x1024.jpg\" class=\"attachment-large size-large\" alt=\"\" loading=\"lazy\" srcset=\"https:\/\/magicformclamart.fr\/wp-content\/uploads\/2025\/10\/Application-Magic-Form-728x1024.jpg 728w, https:\/\/magicformclamart.fr\/wp-content\/uploads\/2025\/10\/Application-Magic-Form-213x300.jpg 213w, https:\/\/magicformclamart.fr\/wp-content\/uploads\/2025\/10\/Application-Magic-Form-768x1080.jpg 768w, https:\/\/magicformclamart.fr\/wp-content\/uploads\/2025\/10\/Application-Magic-Form-1092x1536.jpg 1092w, https:\/\/magicformclamart.fr\/wp-content\/uploads\/2025\/10\/Application-Magic-Form-1456x2048.jpg 1456w, https:\/\/magicformclamart.fr\/wp-content\/uploads\/2025\/10\/Application-Magic-Form.jpg 1792w\" sizes=\"(max-width: 728px) 100vw, 728px\" \/>\t\t\t\t\t\t\t\t\t\t\t\t\t\t\t<\/div>\n\t\t\t\t<\/div>\n\t\t\t\t\t<\/div>\n\t\t<\/div>\n\t\t\t\t<div class=\"elementor-column elementor-col-50 elementor-top-column elementor-element elementor-element-248e564\" data-id=\"248e564\" data-element_type=\"column\">\n\t\t\t<div class=\"elementor-widget-wrap elementor-element-populated\">\n\t\t\t\t\t\t\t\t<div class=\"elementor-element elementor-element-4d4fd1b elementor-widget elementor-widget-spacer\" data-id=\"4d4fd1b\" data-element_type=\"widget\" data-widget_type=\"spacer.default\">\n\t\t\t\t<div class=\"elementor-widget-container\">\n\t\t\t\t\t<div class=\"elementor-spacer\">\n\t\t\t<div class=\"elementor-spacer-inner\"><\/div>\n\t\t<\/div>\n\t\t\t\t<\/div>\n\t\t\t\t<\/div>\n\t\t\t\t<div class=\"elementor-element elementor-element-cb072c4 elementor-widget elementor-widget-image\" data-id=\"cb072c4\" data-element_type=\"widget\" data-widget_type=\"image.default\">\n\t\t\t\t<div class=\"elementor-widget-container\">\n\t\t\t\t\t\t\t\t\t\t\t\t\t\t\t<img width=\"300\" height=\"243\" src=\"https:\/\/magicformclamart.fr\/wp-content\/uploads\/2021\/11\/google-3-300x243.png\" class=\"attachment-medium size-medium\" alt=\"\" loading=\"lazy\" srcset=\"https:\/\/magicformclamart.fr\/wp-content\/uploads\/2021\/11\/google-3-300x243.png 300w, https:\/\/magicformclamart.fr\/wp-content\/uploads\/2021\/11\/google-3.png 548w\" sizes=\"(max-width: 300px) 100vw, 300px\" \/>\t\t\t\t\t\t\t\t\t\t\t\t\t\t\t<\/div>\n\t\t\t\t<\/div>\n\t\t\t\t\t<\/div>\n\t\t<\/div>\n\t\t\t\t\t\t\t<\/div>\n\t\t<\/section>\n\t\t\t\t\t\t<\/div>\n\t\t\t\t\t<\/div>\n\t\t","protected":false},"excerpt":{"rendered":"<p>Le planning est \u00e9volutif et les cours augmenteront progressivement. N&rsquo;h\u00e9sitez pas \u00e0 nous partager vos remarques, id\u00e9es et envies! \u00a0 \u00ab\u00a0Le sport ne fait pas vivre plus vieux, mais fait vivre plus jeune\u00a0\u00bb R\u00e9servation des cours collectifs<\/p>\n","protected":false},"author":2,"featured_media":0,"parent":0,"menu_order":0,"comment_status":"closed","ping_status":"closed","template":"","meta":[],"_links":{"self":[{"href":"https:\/\/magicformclamart.fr\/index.php\/wp-json\/wp\/v2\/pages\/680"}],"collection":[{"href":"https:\/\/magicformclamart.fr\/index.php\/wp-json\/wp\/v2\/pages"}],"about":[{"href":"https:\/\/magicformclamart.fr\/index.php\/wp-json\/wp\/v2\/types\/page"}],"author":[{"embeddable":true,"href":"https:\/\/magicformclamart.fr\/index.php\/wp-json\/wp\/v2\/users\/2"}],"replies":[{"embeddable":true,"href":"https:\/\/magicformclamart.fr\/index.php\/wp-json\/wp\/v2\/comments?post=680"}],"version-history":[{"count":141,"href":"https:\/\/magicformclamart.fr\/index.php\/wp-json\/wp\/v2\/pages\/680\/revisions"}],"predecessor-version":[{"id":2031,"href":"https:\/\/magicformclamart.fr\/index.php\/wp-json\/wp\/v2\/pages\/680\/revisions\/2031"}],"wp:attachment":[{"href":"https:\/\/magicformclamart.fr\/index.php\/wp-json\/wp\/v2\/media?parent=680"}],"curies":[{"name":"wp","href":"https:\/\/api.w.org\/{rel}","templated":true}]}}