{"id":320,"date":"2016-12-29T14:26:35","date_gmt":"2016-12-29T13:26:35","guid":{"rendered":"http:\/\/magicformclamart.fr\/?page_id=320"},"modified":"2025-11-04T16:21:03","modified_gmt":"2025-11-04T15:21:03","slug":"contact","status":"publish","type":"page","link":"https:\/\/magicformclamart.fr\/index.php\/contact\/","title":{"rendered":"CONTACT"},"content":{"rendered":"\t\t<div data-elementor-type=\"wp-page\" data-elementor-id=\"320\" class=\"elementor elementor-320\" data-elementor-settings=\"[]\">\n\t\t\t\t\t\t\t<div class=\"elementor-section-wrap\">\n\t\t\t\t\t\t\t<section class=\"elementor-section elementor-top-section elementor-element elementor-element-7e1c47b elementor-section-boxed elementor-section-height-default elementor-section-height-default\" data-id=\"7e1c47b\" data-element_type=\"section\">\n\t\t\t\t\t\t<div class=\"elementor-container elementor-column-gap-default\">\n\t\t\t\t\t<div class=\"elementor-column elementor-col-100 elementor-top-column elementor-element elementor-element-a6eadbe\" data-id=\"a6eadbe\" data-element_type=\"column\">\n\t\t\t<div class=\"elementor-widget-wrap elementor-element-populated\">\n\t\t\t\t\t\t\t\t<div class=\"elementor-element elementor-element-c7f5477 elementor-widget elementor-widget-text-editor\" data-id=\"c7f5477\" data-element_type=\"widget\" data-widget_type=\"text-editor.default\">\n\t\t\t\t<div class=\"elementor-widget-container\">\n\t\t\t\t\t\t\t<p style=\"color: #000000; letter-spacing: normal;\"><b style=\"font-family: inherit;\">Contactez <\/b><span style=\"font-family: inherit; font-weight: normal;\">Magic<\/span><b style=\"font-family: inherit;\"> Form Clamart<\/b><\/p><p class=\"p3\">Une question, une envie de reprendre le sport ou besoin d\u2019un renseignement sur nos abonnements ?<\/p><p class=\"p3\">Notre \u00e9quipe est \u00e0 votre \u00e9coute !<\/p><p class=\"p4\"><b>\u00a0<\/b><\/p><p class=\"p4\"><b>Adresse<\/b><b><\/b><\/p><p class=\"p3\">6 bis rue de Versailles \u2013 92140 Clamart<\/p><p class=\"p3\">(\u00e0 deux pas du Tramway T6, station\u00a0<i>Division Leclerc<\/i>)<\/p><p class=\"p4\"><b>\u00a0<\/b><\/p><p class=\"p4\"><b>T\u00e9l\u00e9phone<\/b><b><\/b><\/p><p class=\"p3\">01 46 60 04 23<\/p><p class=\"p4\"><b>\u00a0<\/b><\/p><p class=\"p4\"><b>E-mail<\/b><b><\/b><\/p><p class=\"p3\"><a href=\"mailto:contact@magicform-clamart.fr\">contact@magicform-clamart.fr<\/a><\/p><p class=\"p4\"><b>\u00a0<\/b><\/p><p class=\"p4\"><b>Horaires du club<\/b><b><\/b><\/p><p class=\"p3\">Lundi \u2192 Vendredi : 07h00 \u2013 22h00<\/p><p class=\"p3\">Samedi : 07h00 \u2013 17h00<\/p><p class=\"p3\">Dimanche et jours f\u00e9ri\u00e9s : 10h00 \u2013 14h00<\/p><p class=\"p4\"><b>\u00a0<\/b><\/p><p class=\"p4\"><b>Acc\u00e8s pratique<\/b><b><\/b><\/p><p class=\"p3\">Parking priv\u00e9 r\u00e9serv\u00e9 aux adh\u00e9rents.<\/p><p class=\"p3\"><b>\u00a0<\/b><\/p><p class=\"p3\"><b>Venez nous rencontrer, visiter le club et profiter d\u2019une s\u00e9ance d\u2019essai !<\/b><\/p>\t\t\t\t\t\t<\/div>\n\t\t\t\t<\/div>\n\t\t\t\t\t<\/div>\n\t\t<\/div>\n\t\t\t\t\t\t\t<\/div>\n\t\t<\/section>\n\t\t\t\t\t\t<\/div>\n\t\t\t\t\t<\/div>\n\t\t","protected":false},"excerpt":{"rendered":"<p>Contactez Magic Form Clamart Une question, une envie de reprendre le sport ou besoin d\u2019un renseignement sur nos abonnements ? Notre \u00e9quipe est \u00e0 votre \u00e9coute ! \u00a0 Adresse 6 bis rue de Versailles \u2013 92140 Clamart (\u00e0 deux pas du Tramway T6, station\u00a0Division Leclerc) \u00a0 T\u00e9l\u00e9phone 01 46 60 04 23 \u00a0 E-mail contact@magicform-clamart.fr [&hellip;]<\/p>\n","protected":false},"author":2,"featured_media":0,"parent":0,"menu_order":2,"comment_status":"closed","ping_status":"closed","template":"","meta":[],"_links":{"self":[{"href":"https:\/\/magicformclamart.fr\/index.php\/wp-json\/wp\/v2\/pages\/320"}],"collection":[{"href":"https:\/\/magicformclamart.fr\/index.php\/wp-json\/wp\/v2\/pages"}],"about":[{"href":"https:\/\/magicformclamart.fr\/index.php\/wp-json\/wp\/v2\/types\/page"}],"author":[{"embeddable":true,"href":"https:\/\/magicformclamart.fr\/index.php\/wp-json\/wp\/v2\/users\/2"}],"replies":[{"embeddable":true,"href":"https:\/\/magicformclamart.fr\/index.php\/wp-json\/wp\/v2\/comments?post=320"}],"version-history":[{"count":21,"href":"https:\/\/magicformclamart.fr\/index.php\/wp-json\/wp\/v2\/pages\/320\/revisions"}],"predecessor-version":[{"id":1823,"href":"https:\/\/magicformclamart.fr\/index.php\/wp-json\/wp\/v2\/pages\/320\/revisions\/1823"}],"wp:attachment":[{"href":"https:\/\/magicformclamart.fr\/index.php\/wp-json\/wp\/v2\/media?parent=320"}],"curies":[{"name":"wp","href":"https:\/\/api.w.org\/{rel}","templated":true}]}}